{"id":476,"date":"2012-10-22T12:16:48","date_gmt":"2012-10-22T12:16:48","guid":{"rendered":"http:\/\/template-demos.com\/wp\/WP01\/WP010005\/?page_id=10"},"modified":"2022-07-21T21:38:23","modified_gmt":"2022-07-21T18:38:23","slug":"iletisim","status":"publish","type":"page","link":"https:\/\/surprizchocolate.com\/index.php\/iletisim\/","title":{"rendered":"\u0130leti\u015fim"},"content":{"rendered":"<p>[vc_row css=&#8221;.vc_custom_1554721583929{margin-bottom: 30px !important;padding-top: 15px !important;}&#8221;][vc_column][vc_row_inner el_class=&#8221;content-main-other&#8221;][vc_column_inner][vc_gmaps link=&#8221;#E-8_JTNDaWZyYW1lJTIwc3JjJTNEJTIyaHR0cHMlM0ElMkYlMkZ3d3cuZ29vZ2xlLmNvbSUyRm1hcHMlMkZlbWJlZCUzRnBiJTNEJTIxMW0xNCUyMTFtOCUyMTFtMyUyMTFkMTIxNDcuNTU5NDE4MTIxMDI1JTIxMmQyOS4xNTMyMDMyJTIxM2Q0MC40MzM0Mzc4JTIxM20yJTIxMWkxMDI0JTIxMmk3NjglMjE0ZjEzLjElMjEzbTMlMjExbTIlMjExczB4MCUyNTNBMHg5NmRkMmUyMmMwMWIxMGFmJTIxMnNTJTI1QzMlMjVCQ3Jwcml6JTI1MjBDSE9DT0xBVEUlMjUyMC1HZW1saWslMjUyMEdlciUyNUMzJTI1QTdlayUyNTIwJTI1QzMlMjU4N2lrb2xhdGFjJTI1QzQlMjVCMSUyMTVlMCUyMTNtMiUyMTFzdHIlMjEyc3RyJTIxNHYxNjU4NDI4MzIyMDY5JTIxNW0yJTIxMXN0ciUyMTJzdHIlMjIlMjB3aWR0aCUzRCUyMjYwMCUyMiUyMGhlaWdodCUzRCUyMjQ1MCUyMiUyMHN0eWxlJTNEJTIyYm9yZGVyJTNBMCUzQiUyMiUyMGFsbG93ZnVsbHNjcmVlbiUzRCUyMiUyMiUyMGxvYWRpbmclM0QlMjJsYXp5JTIyJTIwcmVmZXJyZXJwb2xpY3klM0QlMjJuby1yZWZlcnJlci13aGVuLWRvd25ncmFkZSUyMiUzRSUzQyUyRmlmcmFtZSUzRQ==&#8221; el_class=&#8221;google-map&#8221; title=&#8221;%100 Ger\u00e7ek \u00c7ikolata S\u00fcrpriz Chocolate Gemlik&#8221;][\/vc_column_inner][\/vc_row_inner][\/vc_column][\/vc_row][vc_row el_class=&#8221;custom-content-main&#8221; css=&#8221;.vc_custom_1554721592807{padding-top: 10px !important;}&#8221;][vc_column]<div class=\"shortcode-title left \"><h1 class=\"normal-title\">\u0130leti\u015fim Formu<\/h1><\/div>[\/vc_column][\/vc_row][vc_row css=&#8221;.vc_custom_1554788778960{padding-top: 0px !important;padding-bottom: 30px !important;}&#8221;][vc_column width=&#8221;2\/3&#8243; el_class=&#8221;contact-form-left&#8221;]<div role=\"form\" class=\"wpcf7\" id=\"wpcf7-f8956-o1\" lang=\"en-US\" dir=\"ltr\">\n<div class=\"screen-reader-response\"><p role=\"status\" aria-live=\"polite\" aria-atomic=\"true\"><\/p> <ul><\/ul><\/div>\n<form action=\"\/index.php\/wp-json\/wp\/v2\/pages\/476#wpcf7-f8956-o1\" method=\"post\" class=\"wpcf7-form init\" novalidate=\"novalidate\" data-status=\"init\">\n<div style=\"display: none;\">\n<input type=\"hidden\" name=\"_wpcf7\" value=\"8956\" \/>\n<input type=\"hidden\" name=\"_wpcf7_version\" value=\"5.6.1\" \/>\n<input type=\"hidden\" name=\"_wpcf7_locale\" value=\"en_US\" \/>\n<input type=\"hidden\" name=\"_wpcf7_unit_tag\" value=\"wpcf7-f8956-o1\" \/>\n<input type=\"hidden\" name=\"_wpcf7_container_post\" value=\"0\" \/>\n<input type=\"hidden\" name=\"_wpcf7_posted_data_hash\" value=\"\" \/>\n<\/div>\n<div class=\"contact-left\">\n<div class=\"text-col\"> <label> Ad\u0131n\u0131z Soyad\u0131n\u0131z (Zorunlu) <\/label>  <span class=\"wpcf7-form-control-wrap\" data-name=\"your-name\"><input type=\"text\" name=\"your-name\" value=\"\" size=\"40\" class=\"wpcf7-form-control wpcf7-text wpcf7-validates-as-required\" aria-required=\"true\" aria-invalid=\"false\" \/><\/span>  <\/div>\n<div class=\"text-col\"> <label> E-Mail Adresiniz (Zorunlu) <\/label>    <span class=\"wpcf7-form-control-wrap\" data-name=\"your-email\"><input type=\"email\" name=\"your-email\" value=\"\" size=\"40\" class=\"wpcf7-form-control wpcf7-text wpcf7-email wpcf7-validates-as-required wpcf7-validates-as-email\" aria-required=\"true\" aria-invalid=\"false\" \/><\/span>  <\/div>\n<div class=\"text-col\"> <label> Ba\u015fl\u0131k <\/label> <span class=\"wpcf7-form-control-wrap\" data-name=\"your-subject\"><input type=\"text\" name=\"your-subject\" value=\"\" size=\"40\" class=\"wpcf7-form-control wpcf7-text\" aria-invalid=\"false\" \/><\/span> <\/div>\n<\/div>\n<div class=\"text-area-col\">\n<label> Mesaj i\u00e7eri\u011fi<\/label> <span class=\"wpcf7-form-control-wrap\" data-name=\"your-message\"><textarea name=\"your-message\" cols=\"40\" rows=\"10\" class=\"wpcf7-form-control wpcf7-textarea\" aria-invalid=\"false\"><\/textarea><\/span><br \/>\n<input type=\"submit\" value=\"G\u00f6nder\" class=\"wpcf7-form-control has-spinner wpcf7-submit\" \/>\n<\/div>\n<div class=\"wpcf7-response-output\" aria-hidden=\"true\"><\/div><\/form><\/div>[\/vc_column][vc_column width=&#8221;1\/3&#8243; el_class=&#8221;contact-form-right&#8221;]<div class=\"address-container hb-animate-element right-to-left\"><h1 class=\"address-title simple-title\"><span>S\u00fcrpriz Chocolate Gemlik<\/span><\/h1><div class=\"address-description description\">%100 \u00c7ikolata<\/div><div class=\"address-text first\"><div class=\"address-text-inner\"><div class=\"icon\"><i class=\"fa fa-map-marker\"><\/i><\/div> <div class=\"content\"><div class=\"address-label\"><\/div>Kayhan, \u015fehit \u0130dris b\u00fcy\u00fck d\u00f6nmez caddesi no 14\/<\/div> <\/div><\/div><div class=\"address-text second\"><div class=\"address-text-inner\"><div class=\"icon\"><i class=\"fa fa-phone\"><\/i><\/div> <div class=\"content\"><div class=\"address-label\"><\/div>+90 224 513 56 56<br \/>\n+90 553 715 00 16<\/div> <\/div><\/div><div class=\"address-text third\"><div class=\"address-text-inner\"><div class=\"icon\"><i class=\"fa fa-envelope \"><\/i><\/div> <div class=\"content\"><div class=\"address-label\"><\/div><a href=\"info@surprizchocolate.com\">info@surprizchocolate.com<\/a><p>09:00-22:00<\/p><\/div><\/div><\/div><\/div>[\/vc_column][\/vc_row]<\/p>\n","protected":false},"excerpt":{"rendered":"<p>[vc_row css=&#8221;.vc_custom_1554721583929{margin-bottom: 30px !important;padding-top: 15px !important;}&#8221;][vc_column][vc_row_inner el_class=&#8221;content-main-other&#8221;][vc_column_inner][vc_gmaps link=&#8221;#E-8_JTNDaWZyYW1lJTIwc3JjJTNEJTIyaHR0cHMlM0ElMkYlMkZ3d3cuZ29vZ2xlLmNvbSUyRm1hcHMlMkZlbWJlZCUzRnBiJTNEJTIxMW0xNCUyMTFtOCUyMTFtMyUyMTFkMTIxNDcuNTU5NDE4MTIxMDI1JTIxMmQyOS4xNTMyMDMyJTIxM2Q0MC40MzM0Mzc4JTIxM20yJTIxMWkxMDI0JTIxMmk3NjglMjE0ZjEzLjElMjEzbTMlMjExbTIlMjExczB4MCUyNTNBMHg5NmRkMmUyMmMwMWIxMGFmJTIxMnNTJTI1QzMlMjVCQ3Jwcml6JTI1MjBDSE9DT0xBVEUlMjUyMC1HZW1saWslMjUyMEdlciUyNUMzJTI1QTdlayUyNTIwJTI1QzMlMjU4N2lrb2xhdGFjJTI1QzQlMjVCMSUyMTVlMCUyMTNtMiUyMTFzdHIlMjEyc3RyJTIxNHYxNjU4NDI4MzIyMDY5JTIxNW0yJTIxMXN0ciUyMTJzdHIlMjIlMjB3aWR0aCUzRCUyMjYwMCUyMiUyMGhlaWdodCUzRCUyMjQ1MCUyMiUyMHN0eWxlJTNEJTIyYm9yZGVyJTNBMCUzQiUyMiUyMGFsbG93ZnVsbHNjcmVlbiUzRCUyMiUyMiUyMGxvYWRpbmclM0QlMjJsYXp5JTIyJTIwcmVmZXJyZXJwb2xpY3klM0QlMjJuby1yZWZlcnJlci13aGVuLWRvd25ncmFkZSUyMiUzRSUzQyUyRmlmcmFtZSUzRQ==&#8221; el_class=&#8221;google-map&#8221; title=&#8221;%100 Ger\u00e7ek \u00c7ikolata S\u00fcrpriz Chocolate Gemlik&#8221;][\/vc_column_inner][\/vc_row_inner][\/vc_column][\/vc_row][vc_row el_class=&#8221;custom-content-main&#8221; css=&#8221;.vc_custom_1554721592807{padding-top: 10px !important;}&#8221;][vc_column][\/vc_column][\/vc_row][vc_row css=&#8221;.vc_custom_1554788778960{padding-top: 0px !important;padding-bottom: 30px !important;}&#8221;][vc_column width=&#8221;2\/3&#8243; el_class=&#8221;contact-form-left&#8221;][\/vc_column][vc_column width=&#8221;1\/3&#8243; el_class=&#8221;contact-form-right&#8221;][\/vc_column][\/vc_row]<\/p>\n","protected":false},"author":1,"featured_media":0,"parent":0,"menu_order":0,"comment_status":"closed","ping_status":"closed","template":"","meta":{"footnotes":""},"class_list":["post-476","page","type-page","status-publish","hentry"],"_links":{"self":[{"href":"https:\/\/surprizchocolate.com\/index.php\/wp-json\/wp\/v2\/pages\/476","targetHints":{"allow":["GET"]}}],"collection":[{"href":"https:\/\/surprizchocolate.com\/index.php\/wp-json\/wp\/v2\/pages"}],"about":[{"href":"https:\/\/surprizchocolate.com\/index.php\/wp-json\/wp\/v2\/types\/page"}],"author":[{"embeddable":true,"href":"https:\/\/surprizchocolate.com\/index.php\/wp-json\/wp\/v2\/users\/1"}],"replies":[{"embeddable":true,"href":"https:\/\/surprizchocolate.com\/index.php\/wp-json\/wp\/v2\/comments?post=476"}],"version-history":[{"count":5,"href":"https:\/\/surprizchocolate.com\/index.php\/wp-json\/wp\/v2\/pages\/476\/revisions"}],"predecessor-version":[{"id":9451,"href":"https:\/\/surprizchocolate.com\/index.php\/wp-json\/wp\/v2\/pages\/476\/revisions\/9451"}],"wp:attachment":[{"href":"https:\/\/surprizchocolate.com\/index.php\/wp-json\/wp\/v2\/media?parent=476"}],"curies":[{"name":"wp","href":"https:\/\/api.w.org\/{rel}","templated":true}]}}