{"id":5479,"date":"2016-12-12T05:23:50","date_gmt":"2016-12-12T05:23:50","guid":{"rendered":"http:\/\/192.168.0.101\/user13\/wordpress\/Bigshopper_fullwidth\/?page_id=5479"},"modified":"2019-06-05T16:49:00","modified_gmt":"2019-06-05T16:49:00","slug":"harita-ve-iletisim","status":"publish","type":"page","link":"https:\/\/surprizchocolate.com\/index.php\/harita-ve-iletisim\/","title":{"rendered":"Harita ve \u0130leti\u015fim"},"content":{"rendered":"<p>[vc_row css=&#8221;.vc_custom_1487831419175{margin-bottom: 30px !important;padding-top: 30px !important;background-color: #ffffff !important;}&#8221;][vc_column][vc_row_inner][vc_column_inner]<div class=\"shortcode-title left \"><h1 class=\"big-title\">\u0130leti\u015fim Harita<\/h1><\/div>[\/vc_column_inner][\/vc_row_inner][vc_row_inner][vc_column_inner width=&#8221;2\/3&#8243;][vc_gmaps link=&#8221;#E-8_JTNDaWZyYW1lJTIwc3JjJTNEJTIyaHR0cHMlM0ElMkYlMkZ3d3cuZ29vZ2xlLmNvbSUyRm1hcHMlMkZlbWJlZCUzRnBiJTNEJTIxMW0xMCUyMTFtOCUyMTFtMyUyMTFkMzM4MTc1LjI4NDI1ODk0NDE2JTIxMmQyOC45Nzk1MzAwMDAwMDAwMDQlMjEzZDQxLjAxNTEzNyUyMTNtMiUyMTFpMTAyNCUyMTJpNzY4JTIxNGYxMy4xJTIxNWUxJTIxM20yJTIxMXN0ciUyMTJzdXMlMjE0djE1NTk3NTMzMjg4NzElMjE1bTIlMjExc3RyJTIxMnN1cyUyMiUyMHdpZHRoJTNEJTIyNjAwJTIyJTIwaGVpZ2h0JTNEJTIyNDUwJTIyJTIwZnJhbWVib3JkZXIlM0QlMjIwJTIyJTIwc3R5bGUlM0QlMjJib3JkZXIlM0EwJTIyJTIwYWxsb3dmdWxsc2NyZWVuJTNFJTNDJTJGaWZyYW1lJTNF&#8221; el_class=&#8221;google-map&#8221;][\/vc_column_inner][vc_column_inner width=&#8221;1\/3&#8243;]<div class=\"address-container hb-animate-element right-to-left\"><div class=\"address-text first\"><div class=\"address-text-inner\"><div class=\"icon\"><i class=\"fa fa-map-marker\"><\/i><\/div> <div class=\"content\"><div class=\"address-label\">Adres<\/div>K\u00fc\u00e7\u00fckbakkalk\u00f6y, Halk Caddesi , Kardelen Sokak, Palladium Avm Kar\u015f\u0131s\u0131 2\/1, 34746 Ata\u015fehir\/\u0130stanbul<\/div> <\/div><\/div><div class=\"address-text second\"><div class=\"address-text-inner\"><div class=\"icon\"><i class=\"fa fa-phone\"><\/i><\/div> <div class=\"content\"><div class=\"address-label\">Telefon Numaras\u0131<\/div>+90 123 456 789<\/div> <\/div><\/div><div class=\"address-text third\"><div class=\"address-text-inner\"><div class=\"icon\"><i class=\"fa fa-envelope \"><\/i><\/div> <div class=\"content\"><div class=\"address-label\">Email<\/div><a href=\"mailto:destek@ebaren.com\">destek@ebaren.com<\/a><p>Pazartesi \u2013 Cuma 10:00\u2013 20:00<\/p><\/div><\/div><\/div><\/div>[\/vc_column_inner][\/vc_row_inner][\/vc_column][\/vc_row]<\/p>\n","protected":false},"excerpt":{"rendered":"<p>[vc_row css=&#8221;.vc_custom_1487831419175{margin-bottom: 30px !important;padding-top: 30px !important;background-color: #ffffff !important;}&#8221;][vc_column][vc_row_inner][vc_column_inner][\/vc_column_inner][\/vc_row_inner][vc_row_inner][vc_column_inner width=&#8221;2\/3&#8243;][vc_gmaps link=&#8221;#E-8_JTNDaWZyYW1lJTIwc3JjJTNEJTIyaHR0cHMlM0ElMkYlMkZ3d3cuZ29vZ2xlLmNvbSUyRm1hcHMlMkZlbWJlZCUzRnBiJTNEJTIxMW0xMCUyMTFtOCUyMTFtMyUyMTFkMzM4MTc1LjI4NDI1ODk0NDE2JTIxMmQyOC45Nzk1MzAwMDAwMDAwMDQlMjEzZDQxLjAxNTEzNyUyMTNtMiUyMTFpMTAyNCUyMTJpNzY4JTIxNGYxMy4xJTIxNWUxJTIxM20yJTIxMXN0ciUyMTJzdXMlMjE0djE1NTk3NTMzMjg4NzElMjE1bTIlMjExc3RyJTIxMnN1cyUyMiUyMHdpZHRoJTNEJTIyNjAwJTIyJTIwaGVpZ2h0JTNEJTIyNDUwJTIyJTIwZnJhbWVib3JkZXIlM0QlMjIwJTIyJTIwc3R5bGUlM0QlMjJib3JkZXIlM0EwJTIyJTIwYWxsb3dmdWxsc2NyZWVuJTNFJTNDJTJGaWZyYW1lJTNF&#8221; el_class=&#8221;google-map&#8221;][\/vc_column_inner][vc_column_inner width=&#8221;1\/3&#8243;][\/vc_column_inner][\/vc_row_inner][\/vc_column][\/vc_row]<\/p>\n","protected":false},"author":1,"featured_media":0,"parent":0,"menu_order":0,"comment_status":"closed","ping_status":"closed","template":"","meta":{"footnotes":""},"class_list":["post-5479","page","type-page","status-publish","hentry"],"_links":{"self":[{"href":"https:\/\/surprizchocolate.com\/index.php\/wp-json\/wp\/v2\/pages\/5479","targetHints":{"allow":["GET"]}}],"collection":[{"href":"https:\/\/surprizchocolate.com\/index.php\/wp-json\/wp\/v2\/pages"}],"about":[{"href":"https:\/\/surprizchocolate.com\/index.php\/wp-json\/wp\/v2\/types\/page"}],"author":[{"embeddable":true,"href":"https:\/\/surprizchocolate.com\/index.php\/wp-json\/wp\/v2\/users\/1"}],"replies":[{"embeddable":true,"href":"https:\/\/surprizchocolate.com\/index.php\/wp-json\/wp\/v2\/comments?post=5479"}],"version-history":[{"count":3,"href":"https:\/\/surprizchocolate.com\/index.php\/wp-json\/wp\/v2\/pages\/5479\/revisions"}],"predecessor-version":[{"id":9074,"href":"https:\/\/surprizchocolate.com\/index.php\/wp-json\/wp\/v2\/pages\/5479\/revisions\/9074"}],"wp:attachment":[{"href":"https:\/\/surprizchocolate.com\/index.php\/wp-json\/wp\/v2\/media?parent=5479"}],"curies":[{"name":"wp","href":"https:\/\/api.w.org\/{rel}","templated":true}]}}