{"id":9186,"date":"2016-12-16T07:29:33","date_gmt":"2016-12-16T04:29:33","guid":{"rendered":"http:\/\/192.168.0.101\/user27\/wordpress_woo_demo\/?post_type=product&#038;p=1313"},"modified":"2025-04-14T19:12:31","modified_gmt":"2025-04-14T16:12:31","slug":"moda-cafe-urun-adi-12","status":"publish","type":"product","link":"https:\/\/surprizchocolate.com\/index.php\/product\/moda-cafe-urun-adi-12\/","title":{"rendered":"Gala Hediye Spesiyal \u00c7ikolata 315gr"},"content":{"rendered":"<h5>26 adet spesiyal \u00e7ikolata i\u00e7ermektedir.<\/h5>\n<p>\u00dcr\u00fcnlerimizde alkol, domuz ya\u011f\u0131 ve katk\u0131lar\u0131 yoktur.<\/p>\n<p>&nbsp;<\/p>\n<p>Sipari\u015finiz, s\u0131cak hava \u015fartlar\u0131ndan etkilenmeden \u00f6zel korumal\u0131 ambalajlar\u0131nda sizlere ula\u015ft\u0131r\u0131l\u0131r.<\/p>\n<p>&nbsp;<\/p>\n<p>\u00dcr\u00fcn\u00fcm\u00fcz a\u015f\u0131r\u0131 nem, koku ve s\u0131cakl\u0131ktan etkilenen hassas bir \u00fcr\u00fcnd\u00fcr. G\u00fcne\u015f \u0131\u015f\u0131\u011f\u0131ndan, koku ve nemden uzak, 18-22\u00b0C aral\u0131\u011f\u0131nda muhafaza ediniz. Buzdolab\u0131na koymay\u0131n\u0131z.<\/p>\n","protected":false},"excerpt":{"rendered":"<ul>\n<li>26 adet spesiyal \u00e7ikolata i\u00e7ermektedir.<\/li>\n<\/ul>\n<p>\u00dcr\u00fcnlerimizde alkol, domuz ya\u011f\u0131 ve katk\u0131lar\u0131 yoktur.<\/p>\n<p>Sipari\u015finiz, s\u0131cak hava \u015fartlar\u0131ndan etkilenmeden\u00a0\u00f6zel korumal\u0131 ambalajlar\u0131nda sizlere ula\u015ft\u0131r\u0131l\u0131r.<\/p>\n<p>\u00dcr\u00fcn\u00fcm\u00fcz a\u015f\u0131r\u0131 nem, koku ve s\u0131cakl\u0131ktan etkilenen hassas bir \u00fcr\u00fcnd\u00fcr. G\u00fcne\u015f \u0131\u015f\u0131\u011f\u0131ndan, koku ve nemden uzak, 18-22\u00b0C aral\u0131\u011f\u0131nda muhafaza ediniz. Buzdolab\u0131na koymay\u0131n\u0131z.<\/p>\n","protected":false},"featured_media":9506,"comment_status":"open","ping_status":"closed","template":"","meta":[],"product_cat":[15,61],"product_tag":[109],"class_list":["post-9186","product","type-product","status-publish","has-post-thumbnail","hentry","product_cat-cikolata-cesitleri","product_cat-kutu-cikolatalar","product_tag-surpriz-chocolate"],"_links":{"self":[{"href":"https:\/\/surprizchocolate.com\/index.php\/wp-json\/wp\/v2\/product\/9186","targetHints":{"allow":["GET"]}}],"collection":[{"href":"https:\/\/surprizchocolate.com\/index.php\/wp-json\/wp\/v2\/product"}],"about":[{"href":"https:\/\/surprizchocolate.com\/index.php\/wp-json\/wp\/v2\/types\/product"}],"replies":[{"embeddable":true,"href":"https:\/\/surprizchocolate.com\/index.php\/wp-json\/wp\/v2\/comments?post=9186"}],"wp:featuredmedia":[{"embeddable":true,"href":"https:\/\/surprizchocolate.com\/index.php\/wp-json\/wp\/v2\/media\/9506"}],"wp:attachment":[{"href":"https:\/\/surprizchocolate.com\/index.php\/wp-json\/wp\/v2\/media?parent=9186"}],"wp:term":[{"taxonomy":"product_cat","embeddable":true,"href":"https:\/\/surprizchocolate.com\/index.php\/wp-json\/wp\/v2\/product_cat?post=9186"},{"taxonomy":"product_tag","embeddable":true,"href":"https:\/\/surprizchocolate.com\/index.php\/wp-json\/wp\/v2\/product_tag?post=9186"}],"curies":[{"name":"wp","href":"https:\/\/api.w.org\/{rel}","templated":true}]}}