{"id":9187,"date":"2019-06-01T04:11:30","date_gmt":"2019-06-01T01:11:30","guid":{"rendered":"http:\/\/192.168.0.101\/user27\/wordpress_woo_demo\/?post_type=product&#038;p=1364"},"modified":"2025-04-14T19:08:48","modified_gmt":"2025-04-14T16:08:48","slug":"chocolate-gemlik-cikolataci","status":"publish","type":"product","link":"https:\/\/surprizchocolate.com\/index.php\/product\/chocolate-gemlik-cikolataci\/","title":{"rendered":"Intense Spesiyal \u00c7ikolata Kutu 330gr"},"content":{"rendered":"<p>Yo\u011fun bitter spesiyal \u00e7ikolatar\u0131n yer ald\u0131\u011f\u0131 bu \u00f6zel seri bitter tutkunlar\u0131 i\u00e7in birebir.<br \/>\n\u00d6zenle se\u00e7ilmi\u015f 27 adet spesiyal \u00e7ikolata<br \/>\nBademli, karamelli, frambuazl\u0131, b\u00fct\u00fcn f\u0131nd\u0131kl\u0131, f\u0131nd\u0131kl\u0131, \u00e7ilekli spesiyal \u00e7ikolatalar i\u00e7erir.<br \/>\n\u00dcr\u00fcnlerimizde alkol, domuz ya\u011f\u0131 ve katk\u0131lar\u0131 yoktur.<\/p>\n<p>Sipari\u015finiz s\u0131cak hava \u015fartlar\u0131ndan etkilenmeden \u00f6zel korumal\u0131 ambalajlar\u0131nda sizlere ula\u015ft\u0131r\u0131l\u0131r. <\/p>\n<p>\u00dcr\u00fcn\u00fcm\u00fcz a\u015f\u0131r\u0131 nem, koku ve s\u0131cakl\u0131ktan etkilenen hassas bir \u00fcr\u00fcnd\u00fcr. G\u00fcne\u015f \u0131\u015f\u0131\u011f\u0131ndan, koku ve nemden uzak, 18-22\u00b0C aral\u0131\u011f\u0131nda muhafaza ediniz. Buzdolab\u0131na koymay\u0131n\u0131z.<\/p>\n","protected":false},"excerpt":{"rendered":"<p>Yo\u011fun bitter spesiyal \u00e7ikolatar\u0131n yer ald\u0131\u011f\u0131 bu \u00f6zel seri bitter tutkunlar\u0131 i\u00e7in birebir.<br \/>\n\u00d6zenle se\u00e7ilmi\u015f 27 adet spesiyal \u00e7ikolata<br \/>\nBademli, karamelli, frambuazl\u0131, b\u00fct\u00fcn f\u0131nd\u0131kl\u0131, f\u0131nd\u0131kl\u0131, \u00e7ilekli spesiyal \u00e7ikolatalar i\u00e7erir.<br \/>\n\u00dcr\u00fcnlerimizde alkol, domuz ya\u011f\u0131 ve katk\u0131lar\u0131 yoktur.<\/p>\n<p>Sipari\u015finiz s\u0131cak hava \u015fartlar\u0131ndan etkilenmeden \u00f6zel korumal\u0131 ambalajlar\u0131nda sizlere ula\u015ft\u0131r\u0131l\u0131r. <\/p>\n<p>\u00dcr\u00fcn\u00fcm\u00fcz a\u015f\u0131r\u0131 nem, koku ve s\u0131cakl\u0131ktan etkilenen hassas bir \u00fcr\u00fcnd\u00fcr. G\u00fcne\u015f \u0131\u015f\u0131\u011f\u0131ndan, koku ve nemden uzak, 18-22\u00b0C aral\u0131\u011f\u0131nda muhafaza ediniz. Buzdolab\u0131na koymay\u0131n\u0131z.<\/p>\n","protected":false},"featured_media":9517,"comment_status":"open","ping_status":"closed","template":"","meta":[],"product_cat":[15,61],"product_tag":[108],"class_list":["post-9187","product","type-product","status-publish","has-post-thumbnail","hentry","product_cat-cikolata-cesitleri","product_cat-kutu-cikolatalar","product_tag-chocolate"],"_links":{"self":[{"href":"https:\/\/surprizchocolate.com\/index.php\/wp-json\/wp\/v2\/product\/9187","targetHints":{"allow":["GET"]}}],"collection":[{"href":"https:\/\/surprizchocolate.com\/index.php\/wp-json\/wp\/v2\/product"}],"about":[{"href":"https:\/\/surprizchocolate.com\/index.php\/wp-json\/wp\/v2\/types\/product"}],"replies":[{"embeddable":true,"href":"https:\/\/surprizchocolate.com\/index.php\/wp-json\/wp\/v2\/comments?post=9187"}],"wp:featuredmedia":[{"embeddable":true,"href":"https:\/\/surprizchocolate.com\/index.php\/wp-json\/wp\/v2\/media\/9517"}],"wp:attachment":[{"href":"https:\/\/surprizchocolate.com\/index.php\/wp-json\/wp\/v2\/media?parent=9187"}],"wp:term":[{"taxonomy":"product_cat","embeddable":true,"href":"https:\/\/surprizchocolate.com\/index.php\/wp-json\/wp\/v2\/product_cat?post=9187"},{"taxonomy":"product_tag","embeddable":true,"href":"https:\/\/surprizchocolate.com\/index.php\/wp-json\/wp\/v2\/product_tag?post=9187"}],"curies":[{"name":"wp","href":"https:\/\/api.w.org\/{rel}","templated":true}]}}