{"id":9237,"date":"2016-03-04T12:44:28","date_gmt":"2016-03-04T09:44:28","guid":{"rendered":"http:\/\/template-demo.org\/woo\/WCM01\/WCM010007\/?product=pellentesque-aliquet"},"modified":"2025-04-14T20:00:04","modified_gmt":"2025-04-14T17:00:04","slug":"chocolate-gemlik","status":"publish","type":"product","link":"https:\/\/surprizchocolate.com\/index.php\/product\/chocolate-gemlik\/","title":{"rendered":"Diamond Beyaz Hediye \u00c7ikolata Kutu 290gr"},"content":{"rendered":"<blockquote><p>\u00dcr\u00fcn \u00d6zellikleri<br \/>\nEl yap\u0131m\u0131 birbirinden leziz spesiyal \u00e7ikolatalar ile dolu Diamond Kutu \u015f\u0131k tasar\u0131m\u0131yla g\u00f6zleri s\u00fcsl\u00fcyor.<br \/>\n\u00dcr\u00fcnlerimizde alkol, domuz ya\u011f\u0131 ve katk\u0131lar\u0131 yoktur.<\/p><\/blockquote>\n<p>Sipari\u015finiz, s\u0131cak hava \u015fartlar\u0131ndan etkilenmeden \u00f6zel korumal\u0131 ambalajlar\u0131nda sizlere ula\u015ft\u0131r\u0131l\u0131r.<\/p>\n<p>\u00dcr\u00fcn\u00fcm\u00fcz a\u015f\u0131r\u0131 nem, koku ve s\u0131cakl\u0131ktan etkilenen hassas bir \u00fcr\u00fcnd\u00fcr. G\u00fcne\u015f \u0131\u015f\u0131\u011f\u0131ndan, koku ve nemden uzak, 18-22\u00b0C aral\u0131\u011f\u0131nda muhafaza ediniz. Buzdolab\u0131na koymay\u0131n\u0131z.<\/p>\n","protected":false},"excerpt":{"rendered":"<p>\u00dcr\u00fcn \u00d6zellikleri<br \/>\nEl yap\u0131m\u0131 birbirinden leziz spesiyal \u00e7ikolatalar ile dolu Diamond Kutu \u015f\u0131k tasar\u0131m\u0131yla g\u00f6zleri s\u00fcsl\u00fcyor.<br \/>\n\u00dcr\u00fcnlerimizde alkol, domuz ya\u011f\u0131 ve katk\u0131lar\u0131 yoktur.<\/p>\n<p>Sipari\u015finiz, s\u0131cak hava \u015fartlar\u0131ndan etkilenmeden \u00f6zel korumal\u0131 ambalajlar\u0131nda sizlere ula\u015ft\u0131r\u0131l\u0131r.<\/p>\n<p>\u00dcr\u00fcn\u00fcm\u00fcz a\u015f\u0131r\u0131 nem, koku ve s\u0131cakl\u0131ktan etkilenen hassas bir \u00fcr\u00fcnd\u00fcr. G\u00fcne\u015f \u0131\u015f\u0131\u011f\u0131ndan, koku ve nemden uzak, 18-22\u00b0C aral\u0131\u011f\u0131nda muhafaza ediniz. Buzdolab\u0131na koymay\u0131n\u0131z.<\/p>\n","protected":false},"featured_media":9513,"comment_status":"open","ping_status":"closed","template":"","meta":[],"product_cat":[15,61],"product_tag":[108,112,109],"class_list":["post-9237","product","type-product","status-publish","has-post-thumbnail","hentry","product_cat-cikolata-cesitleri","product_cat-kutu-cikolatalar","product_tag-chocolate","product_tag-gemlik","product_tag-surpriz-chocolate"],"_links":{"self":[{"href":"https:\/\/surprizchocolate.com\/index.php\/wp-json\/wp\/v2\/product\/9237","targetHints":{"allow":["GET"]}}],"collection":[{"href":"https:\/\/surprizchocolate.com\/index.php\/wp-json\/wp\/v2\/product"}],"about":[{"href":"https:\/\/surprizchocolate.com\/index.php\/wp-json\/wp\/v2\/types\/product"}],"replies":[{"embeddable":true,"href":"https:\/\/surprizchocolate.com\/index.php\/wp-json\/wp\/v2\/comments?post=9237"}],"wp:featuredmedia":[{"embeddable":true,"href":"https:\/\/surprizchocolate.com\/index.php\/wp-json\/wp\/v2\/media\/9513"}],"wp:attachment":[{"href":"https:\/\/surprizchocolate.com\/index.php\/wp-json\/wp\/v2\/media?parent=9237"}],"wp:term":[{"taxonomy":"product_cat","embeddable":true,"href":"https:\/\/surprizchocolate.com\/index.php\/wp-json\/wp\/v2\/product_cat?post=9237"},{"taxonomy":"product_tag","embeddable":true,"href":"https:\/\/surprizchocolate.com\/index.php\/wp-json\/wp\/v2\/product_tag?post=9237"}],"curies":[{"name":"wp","href":"https:\/\/api.w.org\/{rel}","templated":true}]}}