{"id":9238,"date":"2016-03-04T12:45:52","date_gmt":"2016-03-04T09:45:52","guid":{"rendered":"http:\/\/template-demo.org\/woo\/WCM01\/WCM010007\/?product=pellentesque-aliquam"},"modified":"2025-04-14T19:31:24","modified_gmt":"2025-04-14T16:31:24","slug":"gemlik-cikolata","status":"publish","type":"product","link":"https:\/\/surprizchocolate.com\/index.php\/product\/gemlik-cikolata\/","title":{"rendered":"Flower Kutu Hediye Spesiyal \u00c7ikolata 500gr"},"content":{"rendered":"<p>Spesiyal \u00e7ikolata ve kar\u0131\u015f\u0131k draje \u00e7e\u015fitlerinin bir arada bulundu\u011fu Flower Kutu e\u015fsiz tasar\u0131m\u0131yla sizlerle bulu\u015fuyor.<br \/>\n\u00dcr\u00fcnlerimizde alkol, domuz ya\u011f\u0131 ve katk\u0131lar\u0131 yoktur.<\/p>\n<p>Sipari\u015finiz, s\u0131cak hava \u015fartlar\u0131ndan etkilenmeden \u00f6zel korumal\u0131 ambalajlar\u0131nda sizlere ula\u015ft\u0131r\u0131l\u0131r. <\/p>\n<p>\u00dcr\u00fcn\u00fcm\u00fcz a\u015f\u0131r\u0131 nem, koku ve s\u0131cakl\u0131ktan etkilenen hassas bir \u00fcr\u00fcnd\u00fcr. G\u00fcne\u015f \u0131\u015f\u0131\u011f\u0131ndan, koku ve nemden uzak, 18-22\u00b0C aral\u0131\u011f\u0131nda muhafaza ediniz. Buzdolab\u0131na koymay\u0131n\u0131z.<\/p>\n","protected":false},"excerpt":{"rendered":"<p>Spesiyal \u00e7ikolata ve kar\u0131\u015f\u0131k draje \u00e7e\u015fitlerinin bir arada bulundu\u011fu Flower Kutu e\u015fsiz tasar\u0131m\u0131yla sizlerle bulu\u015fuyor.<br \/>\n\u00dcr\u00fcnlerimizde alkol, domuz ya\u011f\u0131 ve katk\u0131lar\u0131 yoktur.<\/p>\n<p>Sipari\u015finiz, s\u0131cak hava \u015fartlar\u0131ndan etkilenmeden \u00f6zel korumal\u0131 ambalajlar\u0131nda sizlere ula\u015ft\u0131r\u0131l\u0131r. <\/p>\n<p>\u00dcr\u00fcn\u00fcm\u00fcz a\u015f\u0131r\u0131 nem, koku ve s\u0131cakl\u0131ktan etkilenen hassas bir \u00fcr\u00fcnd\u00fcr. G\u00fcne\u015f \u0131\u015f\u0131\u011f\u0131ndan, koku ve nemden uzak, 18-22\u00b0C aral\u0131\u011f\u0131nda muhafaza ediniz. Buzdolab\u0131na koymay\u0131n\u0131z.<\/p>\n","protected":false},"featured_media":9512,"comment_status":"open","ping_status":"closed","template":"","meta":[],"product_cat":[15,61],"product_tag":[109],"class_list":["post-9238","product","type-product","status-publish","has-post-thumbnail","hentry","product_cat-cikolata-cesitleri","product_cat-kutu-cikolatalar","product_tag-surpriz-chocolate"],"_links":{"self":[{"href":"https:\/\/surprizchocolate.com\/index.php\/wp-json\/wp\/v2\/product\/9238","targetHints":{"allow":["GET"]}}],"collection":[{"href":"https:\/\/surprizchocolate.com\/index.php\/wp-json\/wp\/v2\/product"}],"about":[{"href":"https:\/\/surprizchocolate.com\/index.php\/wp-json\/wp\/v2\/types\/product"}],"replies":[{"embeddable":true,"href":"https:\/\/surprizchocolate.com\/index.php\/wp-json\/wp\/v2\/comments?post=9238"}],"wp:featuredmedia":[{"embeddable":true,"href":"https:\/\/surprizchocolate.com\/index.php\/wp-json\/wp\/v2\/media\/9512"}],"wp:attachment":[{"href":"https:\/\/surprizchocolate.com\/index.php\/wp-json\/wp\/v2\/media?parent=9238"}],"wp:term":[{"taxonomy":"product_cat","embeddable":true,"href":"https:\/\/surprizchocolate.com\/index.php\/wp-json\/wp\/v2\/product_cat?post=9238"},{"taxonomy":"product_tag","embeddable":true,"href":"https:\/\/surprizchocolate.com\/index.php\/wp-json\/wp\/v2\/product_tag?post=9238"}],"curies":[{"name":"wp","href":"https:\/\/api.w.org\/{rel}","templated":true}]}}