{"id":9244,"date":"2019-06-03T11:56:30","date_gmt":"2019-06-03T08:56:30","guid":{"rendered":"http:\/\/wordpress.templatemela.com\/woo\/WCM02\/WCM020038\/WP1\/product\/aliquam-pulvinar-iaculis\/"},"modified":"2025-04-14T19:07:59","modified_gmt":"2025-04-14T16:07:59","slug":"moda-cafe-urun-adi-4","status":"publish","type":"product","link":"https:\/\/surprizchocolate.com\/index.php\/product\/moda-cafe-urun-adi-4\/","title":{"rendered":"Diamond Kahverengi Hediye \u00c7ikolata Kutu 290gr"},"content":{"rendered":"<h5><strong>\u00dcr\u00fcn A\u00e7\u0131klamas\u0131<\/strong><\/h5>\n<div class=\"ProductName\">\n<h1>Diamond Kahverengi Hediye \u00c7ikolata Kutu 290gr<\/h1>\n<\/div>\n<div class=\"PriceList\">\n<div id=\"pnlFiyatlar\">\n<div id=\"divFiyatAlanlari\">\n<div class=\"urunDetayFiyatContainer\">\n<div id=\"divIndirimsizFiyat\" class=\"Formline\">\n<p><span class=\"right_line indirimliFiyat\">\u00a0<\/span><\/p>\n<ul>\n<li>El yap\u0131m\u0131 birbirinden leziz spesiyal \u00e7ikolatalar ile dolu Diamond Kutu \u015f\u0131k tasar\u0131m\u0131yla g\u00f6zleri s\u00fcsl\u00fcyor.<\/li>\n<\/ul>\n<p>\u00dcr\u00fcnlerimizde alkol, domuz ya\u011f\u0131 ve katk\u0131lar\u0131 yoktur.<\/p>\n<p>Sipari\u015finiz, s\u0131cak hava \u015fartlar\u0131ndan etkilenmeden\u00a0\u00f6zel korumal\u0131 ambalajlar\u0131nda sizlere ula\u015ft\u0131r\u0131l\u0131r.<\/p>\n<p>\u00dcr\u00fcn\u00fcm\u00fcz a\u015f\u0131r\u0131 nem, koku ve s\u0131cakl\u0131ktan etkilenen hassas bir \u00fcr\u00fcnd\u00fcr. G\u00fcne\u015f \u0131\u015f\u0131\u011f\u0131ndan, koku ve nemden uzak, 18-22\u00b0C aral\u0131\u011f\u0131nda muhafaza ediniz. Buzdolab\u0131na koymay\u0131n\u0131z.<\/p>\n<\/div>\n<\/div>\n<\/div>\n<\/div>\n<\/div>\n<p><strong>\u00a0<\/strong><\/p>\n","protected":false},"excerpt":{"rendered":"<p>\u00dcr\u00fcn A\u00e7\u0131klamas\u0131 Diamond Kahverengi Hediye \u00c7ikolata Kutu 290gr \u00a0 El yap\u0131m\u0131 birbirinden leziz spesiyal \u00e7ikolatalar ile dolu Diamond Kutu \u015f\u0131k tasar\u0131m\u0131yla g\u00f6zleri s\u00fcsl\u00fcyor. \u00dcr\u00fcnlerimizde alkol, domuz ya\u011f\u0131 ve katk\u0131lar\u0131 yoktur. Sipari\u015finiz, s\u0131cak hava \u015fartlar\u0131ndan etkilenmeden\u00a0\u00f6zel korumal\u0131 ambalajlar\u0131nda sizlere ula\u015ft\u0131r\u0131l\u0131r. \u00dcr\u00fcn\u00fcm\u00fcz a\u015f\u0131r\u0131 nem, koku ve s\u0131cakl\u0131ktan etkilenen hassas bir \u00fcr\u00fcnd\u00fcr. G\u00fcne\u015f \u0131\u015f\u0131\u011f\u0131ndan, koku ve nemden uzak,&hellip; <a class=\"read-more-link\" href=\"https:\/\/surprizchocolate.com\/index.php\/product\/moda-cafe-urun-adi-4\/\">Devam\u0131n\u0131 Oku<\/a><\/p>\n","protected":false},"featured_media":9501,"comment_status":"open","ping_status":"closed","template":"","meta":[],"product_cat":[15,61],"product_tag":[],"class_list":["post-9244","product","type-product","status-publish","has-post-thumbnail","hentry","product_cat-cikolata-cesitleri","product_cat-kutu-cikolatalar"],"_links":{"self":[{"href":"https:\/\/surprizchocolate.com\/index.php\/wp-json\/wp\/v2\/product\/9244","targetHints":{"allow":["GET"]}}],"collection":[{"href":"https:\/\/surprizchocolate.com\/index.php\/wp-json\/wp\/v2\/product"}],"about":[{"href":"https:\/\/surprizchocolate.com\/index.php\/wp-json\/wp\/v2\/types\/product"}],"replies":[{"embeddable":true,"href":"https:\/\/surprizchocolate.com\/index.php\/wp-json\/wp\/v2\/comments?post=9244"}],"wp:featuredmedia":[{"embeddable":true,"href":"https:\/\/surprizchocolate.com\/index.php\/wp-json\/wp\/v2\/media\/9501"}],"wp:attachment":[{"href":"https:\/\/surprizchocolate.com\/index.php\/wp-json\/wp\/v2\/media?parent=9244"}],"wp:term":[{"taxonomy":"product_cat","embeddable":true,"href":"https:\/\/surprizchocolate.com\/index.php\/wp-json\/wp\/v2\/product_cat?post=9244"},{"taxonomy":"product_tag","embeddable":true,"href":"https:\/\/surprizchocolate.com\/index.php\/wp-json\/wp\/v2\/product_tag?post=9244"}],"curies":[{"name":"wp","href":"https:\/\/api.w.org\/{rel}","templated":true}]}}